{"id":929,"date":"2018-05-03T10:03:18","date_gmt":"2018-05-03T09:03:18","guid":{"rendered":"http:\/\/www.bububee.cz\/?page_id=929"},"modified":"2018-05-03T10:03:18","modified_gmt":"2018-05-03T09:03:18","slug":"schuze-clenu-katastru-ruda","status":"publish","type":"page","link":"https:\/\/www.bububee.cz\/index.php\/schuze-clenu-katastru-ruda\/","title":{"rendered":"Sch\u016fze \u010dlen\u016f katastru RUDA"},"content":{"rendered":"You must be logged in to view this content.","protected":false},"excerpt":{"rendered":"You must be logged in to view this content.","protected":false},"author":1,"featured_media":0,"parent":0,"menu_order":0,"comment_status":"closed","ping_status":"closed","template":"","meta":{"ngg_post_thumbnail":0,"footnotes":""},"_links":{"self":[{"href":"https:\/\/www.bububee.cz\/index.php\/wp-json\/wp\/v2\/pages\/929"}],"collection":[{"href":"https:\/\/www.bububee.cz\/index.php\/wp-json\/wp\/v2\/pages"}],"about":[{"href":"https:\/\/www.bububee.cz\/index.php\/wp-json\/wp\/v2\/types\/page"}],"author":[{"embeddable":true,"href":"https:\/\/www.bububee.cz\/index.php\/wp-json\/wp\/v2\/users\/1"}],"replies":[{"embeddable":true,"href":"https:\/\/www.bububee.cz\/index.php\/wp-json\/wp\/v2\/comments?post=929"}],"version-history":[{"count":1,"href":"https:\/\/www.bububee.cz\/index.php\/wp-json\/wp\/v2\/pages\/929\/revisions"}],"predecessor-version":[{"id":930,"href":"https:\/\/www.bububee.cz\/index.php\/wp-json\/wp\/v2\/pages\/929\/revisions\/930"}],"wp:attachment":[{"href":"https:\/\/www.bububee.cz\/index.php\/wp-json\/wp\/v2\/media?parent=929"}],"curies":[{"name":"wp","href":"https:\/\/api.w.org\/{rel}","templated":true}]}}