{"id":854,"date":"2018-02-23T16:35:58","date_gmt":"2018-02-23T15:35:58","guid":{"rendered":"http:\/\/www.bububee.cz\/?page_id=854"},"modified":"2018-02-24T19:08:48","modified_gmt":"2018-02-24T18:08:48","slug":"vcely-v-zime","status":"publish","type":"page","link":"https:\/\/www.bububee.cz\/index.php\/prispevky_vcelariku\/vcely-v-zime\/","title":{"rendered":"V\u010dely v zim\u011b"},"content":{"rendered":"<p><img decoding=\"async\" loading=\"lazy\" class=\"aligncenter\" src=\"http:\/\/worldartsme.com\/images\/i-love-napping-clipart-1.jpg\" alt=\"Souvisej\u00edc\u00ed obr\u00e1zek\" width=\"140\" height=\"140\"><\/p>\n<ol>\n<li><span style=\"color: #000000;\">V\u010dely se v zim\u011b uchyluj\u00ed ke sp\u00e1nku.<\/span><\/li>\n<li>V \u00fale tvo\u0159\u00ed na ji\u017en\u00ed stran\u011b chom\u00e1\u010d, uprost\u0159ed je kr\u00e1lovna (aby m\u011bla nejv\u011bt\u0161\u00ed teplo) a kolem n\u00ed jsou d\u011blnice.<\/li>\n<li>V zim\u011b je v\u010del v \u00fale p\u0159ibli\u017en\u011b 10000. Trubci v \u00fale nejsou, byli vyhn\u00e1ni ji\u017e na podzim.<\/li>\n<li>Na podlo\u017ece pozn\u00e1me, kde v\u010dely zimuj\u00ed, podle spadan\u00fdch v\u00ed\u010dek od z\u00e1sob.<\/li>\n<li>&nbsp;Rozkousan\u00e9 zbytky voskov\u00fdch v\u00ed\u010dek po otev\u00edr\u00e1n\u00ed zimn\u00edch z\u00e1sob a ve\u0161ker\u00e9 biologick\u00e9 zbytky z v\u010delstva v\u010detn\u011b mrtv\u00fdch v\u010del naz\u00fdv\u00e1me m\u011bl\u00ed.<br \/>\nM\u011bl se v &nbsp;lednu z podlo\u017eky odeb\u00edr\u00e1 a pos\u00edl\u00e1 se do laborato\u0159e, kde se p\u0159ezkoum\u00e1, jestli v n\u00ed nen\u00ed <a href=\"http:\/\/www.bububee.cz\/index.php\/prispevky_vcelariku\/fumigace\/\">varo\u00e1za<\/a>&nbsp;nebo<a href=\"http:\/\/www.bububee.cz\/?s=hr+na+mor\"> v\u010del\u00ed mor<\/a>.<\/li>\n<li>N\u011bkdy za\u010d\u00e1tkem \u00fanora u\u017e b\u00fdv\u00e1 hezk\u00e9 po\u010das\u00ed, tak\u017ee matka za\u010d\u00edn\u00e1 kl\u00e1st.<br \/>\nKladouc\u00ed matku v \u00fale pozn\u00e1me podle vlhkosti na podlo\u017ece.<\/li>\n<li>Zima je pro v\u010dely nejv\u011bt\u0161\u00ed zkou\u0161ka.<\/li>\n<li>V p\u0159edja\u0159\u00ed se mus\u00ed v\u010delstvo zkontrolovat, jestli m\u00e1 dostatek z\u00e1sob. Pokud ne, mus\u00ed ho v\u010dela\u0159 dokrmit medocukrov\u00fdm t\u011bstem.<br \/>\nToto dokrmov\u00e1n\u00ed m\u016f\u017ee pokra\u010dovat a\u017e do dubna, proto\u017ee v p\u0159edja\u0159\u00ed nekvete tolik rostlin,tak\u017ee by mohlo v\u010delstvo zem\u0159\u00edt hlady.<\/li>\n<\/ol>\n<p>&nbsp;<\/p>\n<div style=\"width: 410px\" class=\"wp-caption aligncenter\"><img decoding=\"async\" loading=\"lazy\" src=\"http:\/\/www.optimalklub.cz\/PICTURE\/PVZUBRI\/OBR\/CHOMACOPT2.JPG\" alt=\"V\u00fdsledek obr\u00e1zku pro v\u010del\u00ed chom\u00e1\u010d v zim\u011b\" width=\"400\" height=\"300\"><p class=\"wp-caption-text\">V\u010del\u00ed chom\u00e1\u010d p\u0159i pohledu shora.<\/p><\/div>\n<p>&nbsp;<\/p>\n<p>&nbsp;<\/p>\n<div style=\"width: 679px\" class=\"wp-caption aligncenter\"><img decoding=\"async\" loading=\"lazy\" src=\"https:\/\/upload.wikimedia.org\/wikipedia\/commons\/thumb\/f\/f8\/Zimni_mel.JPG\/1200px-Zimni_mel.JPG\" alt=\"V\u00fdsledek obr\u00e1zku pro podlo\u017eka v\u010del\u00ed v zim\u011b\" width=\"669\" height=\"376\"><p class=\"wp-caption-text\">V\u010del\u00ed podlo\u017eka s prou\u017eky m\u011bli.<\/p><\/div>\n<p>&nbsp;<\/p>\n<div style=\"width: 682px\" class=\"wp-caption aligncenter\"><img decoding=\"async\" loading=\"lazy\" src=\"https:\/\/www.ireceptar.cz\/res\/archive\/183\/022020.jpg?seek=1336758831\" alt=\"V\u00fdsledek obr\u00e1zku pro sp\u00edc\u00ed v\u010dela\" width=\"672\" height=\"475\"><p class=\"wp-caption-text\">S prvn\u00edmi kv\u011bty v p\u0159edja\u0159\u00ed kon\u010d\u00ed zima a jej\u00ed str\u00e1d\u00e1n\u00ed.<\/p><\/div>\n<p>&nbsp;<\/p>\n<p><a href=\"https:\/\/www.youtube.com\/watch?v=K86ej--bd9s\">https:\/\/www.youtube.com\/watch?v=K86ej&#8211;bd9s<\/a><\/p>\n<p>&nbsp;<\/p>\n<p>autor: V\u00edtek \u0160ev\u010d\u00edk<\/p>\n","protected":false},"excerpt":{"rendered":"<p>V\u010dely se v zim\u011b uchyluj\u00ed ke sp\u00e1nku. V \u00fale tvo\u0159\u00ed na ji\u017en\u00ed stran\u011b chom\u00e1\u010d, uprost\u0159ed je kr\u00e1lovna (aby m\u011bla nejv\u011bt\u0161\u00ed teplo) a kolem n\u00ed jsou d\u011blnice. V zim\u011b je v\u010del v \u00fale p\u0159ibli\u017en\u011b 10000. Trubci v \u00fale nejsou, byli vyhn\u00e1ni ji\u017e na podzim. Na podlo\u017ece pozn\u00e1me, kde v\u010dely zimuj\u00ed, podle spadan\u00fdch v\u00ed\u010dek od z\u00e1sob. &nbsp;Rozkousan\u00e9 [&hellip;]<\/p>\n","protected":false},"author":76,"featured_media":0,"parent":555,"menu_order":0,"comment_status":"closed","ping_status":"closed","template":"","meta":{"ngg_post_thumbnail":0,"footnotes":""},"_links":{"self":[{"href":"https:\/\/www.bububee.cz\/index.php\/wp-json\/wp\/v2\/pages\/854"}],"collection":[{"href":"https:\/\/www.bububee.cz\/index.php\/wp-json\/wp\/v2\/pages"}],"about":[{"href":"https:\/\/www.bububee.cz\/index.php\/wp-json\/wp\/v2\/types\/page"}],"author":[{"embeddable":true,"href":"https:\/\/www.bububee.cz\/index.php\/wp-json\/wp\/v2\/users\/76"}],"replies":[{"embeddable":true,"href":"https:\/\/www.bububee.cz\/index.php\/wp-json\/wp\/v2\/comments?post=854"}],"version-history":[{"count":2,"href":"https:\/\/www.bububee.cz\/index.php\/wp-json\/wp\/v2\/pages\/854\/revisions"}],"predecessor-version":[{"id":858,"href":"https:\/\/www.bububee.cz\/index.php\/wp-json\/wp\/v2\/pages\/854\/revisions\/858"}],"up":[{"embeddable":true,"href":"https:\/\/www.bububee.cz\/index.php\/wp-json\/wp\/v2\/pages\/555"}],"wp:attachment":[{"href":"https:\/\/www.bububee.cz\/index.php\/wp-json\/wp\/v2\/media?parent=854"}],"curies":[{"name":"wp","href":"https:\/\/api.w.org\/{rel}","templated":true}]}}