{"id":824,"date":"2018-02-19T12:11:20","date_gmt":"2018-02-19T11:11:20","guid":{"rendered":"http:\/\/www.bububee.cz\/?page_id=824"},"modified":"2021-03-01T14:11:28","modified_gmt":"2021-03-01T13:11:28","slug":"vysledky-vysetreni-varoazy","status":"publish","type":"page","link":"https:\/\/www.bububee.cz\/index.php\/vysledky-vysetreni-varoazy\/","title":{"rendered":"V\u00fdsledky vy\u0161et\u0159en\u00ed varo\u00e1zy a MVP"},"content":{"rendered":"<h2>ROK 2019<\/h2>\n<p>Odstran\u011bno z&nbsp;d\u016fvodu ochrany osobn\u00edch \u00fadaj\u016f<\/p>\n<h2>ROK 2018<\/h2>\n<p>Odstran\u011bno z&nbsp;d\u016fvodu ochrany osobn\u00edch \u00fadaj\u016f<\/p>\n<p>&nbsp;<\/p>\n<p>&nbsp;<\/p>\n","protected":false},"excerpt":{"rendered":"<p>ROK 2019 Odstran\u011bno z&nbsp;d\u016fvodu ochrany osobn\u00edch \u00fadaj\u016f ROK 2018 Odstran\u011bno z&nbsp;d\u016fvodu ochrany osobn\u00edch \u00fadaj\u016f &nbsp; &nbsp;<\/p>\n","protected":false},"author":1,"featured_media":0,"parent":0,"menu_order":0,"comment_status":"closed","ping_status":"closed","template":"","meta":{"ngg_post_thumbnail":0,"footnotes":""},"_links":{"self":[{"href":"https:\/\/www.bububee.cz\/index.php\/wp-json\/wp\/v2\/pages\/824"}],"collection":[{"href":"https:\/\/www.bububee.cz\/index.php\/wp-json\/wp\/v2\/pages"}],"about":[{"href":"https:\/\/www.bububee.cz\/index.php\/wp-json\/wp\/v2\/types\/page"}],"author":[{"embeddable":true,"href":"https:\/\/www.bububee.cz\/index.php\/wp-json\/wp\/v2\/users\/1"}],"replies":[{"embeddable":true,"href":"https:\/\/www.bububee.cz\/index.php\/wp-json\/wp\/v2\/comments?post=824"}],"version-history":[{"count":8,"href":"https:\/\/www.bububee.cz\/index.php\/wp-json\/wp\/v2\/pages\/824\/revisions"}],"predecessor-version":[{"id":1919,"href":"https:\/\/www.bububee.cz\/index.php\/wp-json\/wp\/v2\/pages\/824\/revisions\/1919"}],"wp:attachment":[{"href":"https:\/\/www.bububee.cz\/index.php\/wp-json\/wp\/v2\/media?parent=824"}],"curies":[{"name":"wp","href":"https:\/\/api.w.org\/{rel}","templated":true}]}}