{"id":74,"date":"2017-05-28T21:52:33","date_gmt":"2017-05-28T20:52:33","guid":{"rendered":"http:\/\/www.bububee.cz\/?page_id=74"},"modified":"2018-01-07T23:45:58","modified_gmt":"2018-01-07T22:45:58","slug":"zapis-za-schuze-2-2-2017","status":"publish","type":"page","link":"https:\/\/www.bububee.cz\/index.php\/cinnost-spolku\/zpravy-ze-schuzi-vyboru\/zapisy-ze-chuzi-vyboru-v-roce-2017\/zapis-za-schuze-2-2-2017\/","title":{"rendered":"Z\u00e1pis ze sch\u016fze v\u00fdboru 2. 5. 2017"},"content":{"rendered":"You must be logged in to view this content.","protected":false},"excerpt":{"rendered":"You must be logged in to view this content.","protected":false},"author":1,"featured_media":0,"parent":698,"menu_order":0,"comment_status":"closed","ping_status":"closed","template":"template-nosidebar.php","meta":{"ngg_post_thumbnail":0,"footnotes":""},"_links":{"self":[{"href":"https:\/\/www.bububee.cz\/index.php\/wp-json\/wp\/v2\/pages\/74"}],"collection":[{"href":"https:\/\/www.bububee.cz\/index.php\/wp-json\/wp\/v2\/pages"}],"about":[{"href":"https:\/\/www.bububee.cz\/index.php\/wp-json\/wp\/v2\/types\/page"}],"author":[{"embeddable":true,"href":"https:\/\/www.bububee.cz\/index.php\/wp-json\/wp\/v2\/users\/1"}],"replies":[{"embeddable":true,"href":"https:\/\/www.bububee.cz\/index.php\/wp-json\/wp\/v2\/comments?post=74"}],"version-history":[{"count":6,"href":"https:\/\/www.bububee.cz\/index.php\/wp-json\/wp\/v2\/pages\/74\/revisions"}],"predecessor-version":[{"id":384,"href":"https:\/\/www.bububee.cz\/index.php\/wp-json\/wp\/v2\/pages\/74\/revisions\/384"}],"up":[{"embeddable":true,"href":"https:\/\/www.bububee.cz\/index.php\/wp-json\/wp\/v2\/pages\/698"}],"wp:attachment":[{"href":"https:\/\/www.bububee.cz\/index.php\/wp-json\/wp\/v2\/media?parent=74"}],"curies":[{"name":"wp","href":"https:\/\/api.w.org\/{rel}","templated":true}]}}