{"id":6,"date":"2017-05-26T15:54:26","date_gmt":"2017-05-26T14:54:26","guid":{"rendered":"http:\/\/www.bububee.cz\/?page_id=6"},"modified":"2024-09-02T17:22:24","modified_gmt":"2024-09-02T16:22:24","slug":"vcelarsky-krouzek","status":"publish","type":"page","link":"https:\/\/www.bububee.cz\/index.php\/vcelarsky-krouzek\/","title":{"rendered":"V\u010cELA\u0158SK\u00dd KROU\u017dEK"},"content":{"rendered":"<div class=\"wp-block-image\">\n<figure class=\"aligncenter size-full\"><img decoding=\"async\" loading=\"lazy\" width=\"565\" height=\"766\" src=\"http:\/\/www.bububee.cz\/wp-content\/uploads\/2024\/09\/vcelarsky-krouzek-1.png\" alt=\"\" class=\"wp-image-3346\" srcset=\"https:\/\/www.bububee.cz\/wp-content\/uploads\/2024\/09\/vcelarsky-krouzek-1.png 565w, https:\/\/www.bububee.cz\/wp-content\/uploads\/2024\/09\/vcelarsky-krouzek-1-221x300.png 221w\" sizes=\"(max-width: 565px) 100vw, 565px\" \/><\/figure><\/div>\n\n<p>&nbsp;<\/p>\n<p>Nejsme zam\u011b\u0159eni jen na v\u010dely, ale i na p\u0159\u00edrodu jako celek a souvislosti v n\u00ed. Na\u0161\u00ed \u010dinnost m\u016f\u017eete sledovat na na\u0161\u00ed FB str\u00e1nce <a href=\"https:\/\/www.facebook.com\/V%C4%8Dela%C5%99sk%C3%BD-krou%C5%BEek-ml%C3%A1de%C5%BEe-Nov%C3%A9-Stra%C5%A1ec%C3%AD-102136401523869\/?modal=admin_todo_tour\" target=\"_blank\" rel=\"noopener noreferrer\">ZDE<\/a> a na fotografi\u00edch ulo\u017een\u00fdch na raj\u010deti:&nbsp; <a href=\"https:\/\/vcelarskykrouzekns.rajce.idnes.cz\/\" target=\"_blank\" rel=\"noopener noreferrer\">ZDE<\/a><\/p>\n<p>Bli\u017e\u0161\u00ed informace k aktu\u00e1ln\u00edmu \u0161koln\u00edmu roku 2024\/2025 najdete <a href=\"https:\/\/www.bububee.cz\/index.php\/skolni-rok-2024-2025\/\" target=\"_blank\" rel=\"noopener\">ZDE<\/a><\/p>\n<p>&nbsp;<\/p>\n<p>&nbsp;<\/p>","protected":false},"excerpt":{"rendered":"<p>&nbsp; Nejsme zam\u011b\u0159eni jen na v\u010dely, ale i na p\u0159\u00edrodu jako celek a souvislosti v n\u00ed. Na\u0161\u00ed \u010dinnost m\u016f\u017eete sledovat na na\u0161\u00ed FB str\u00e1nce ZDE a na fotografi\u00edch ulo\u017een\u00fdch na raj\u010deti:&nbsp; ZDE Bli\u017e\u0161\u00ed informace k aktu\u00e1ln\u00edmu \u0161koln\u00edmu roku 2024\/2025 najdete ZDE &nbsp; &nbsp;<\/p>\n","protected":false},"author":1,"featured_media":0,"parent":0,"menu_order":0,"comment_status":"closed","ping_status":"closed","template":"","meta":{"ngg_post_thumbnail":0,"footnotes":""},"_links":{"self":[{"href":"https:\/\/www.bububee.cz\/index.php\/wp-json\/wp\/v2\/pages\/6"}],"collection":[{"href":"https:\/\/www.bububee.cz\/index.php\/wp-json\/wp\/v2\/pages"}],"about":[{"href":"https:\/\/www.bububee.cz\/index.php\/wp-json\/wp\/v2\/types\/page"}],"author":[{"embeddable":true,"href":"https:\/\/www.bububee.cz\/index.php\/wp-json\/wp\/v2\/users\/1"}],"replies":[{"embeddable":true,"href":"https:\/\/www.bububee.cz\/index.php\/wp-json\/wp\/v2\/comments?post=6"}],"version-history":[{"count":25,"href":"https:\/\/www.bububee.cz\/index.php\/wp-json\/wp\/v2\/pages\/6\/revisions"}],"predecessor-version":[{"id":3349,"href":"https:\/\/www.bububee.cz\/index.php\/wp-json\/wp\/v2\/pages\/6\/revisions\/3349"}],"wp:attachment":[{"href":"https:\/\/www.bububee.cz\/index.php\/wp-json\/wp\/v2\/media?parent=6"}],"curies":[{"name":"wp","href":"https:\/\/api.w.org\/{rel}","templated":true}]}}