{"id":40,"date":"2017-05-26T16:58:54","date_gmt":"2017-05-26T16:58:54","guid":{"rendered":"http:\/\/www.bububee.cz\/?page_id=40"},"modified":"2020-09-03T10:16:48","modified_gmt":"2020-09-03T09:16:48","slug":"uvodni-stranka","status":"publish","type":"page","link":"https:\/\/www.bububee.cz\/","title":{"rendered":"\u010cesk\u00fd svaz v\u010dela\u0159\u016f, z.s."},"content":{"rendered":"<h1><img decoding=\"async\" loading=\"lazy\" class=\"alignnone wp-image-844 aligncenter\" src=\"http:\/\/www.bububee.cz\/wp-content\/uploads\/2018\/02\/Logo-\u010cSV-barevn\u00e9-300-x-300-255x300.jpg\" alt=\"\" width=\"105\" height=\"123\" srcset=\"https:\/\/www.bububee.cz\/wp-content\/uploads\/2018\/02\/Logo-\u010cSV-barevn\u00e9-300-x-300-255x300.jpg 255w, https:\/\/www.bububee.cz\/wp-content\/uploads\/2018\/02\/Logo-\u010cSV-barevn\u00e9-300-x-300-768x902.jpg 768w, https:\/\/www.bububee.cz\/wp-content\/uploads\/2018\/02\/Logo-\u010cSV-barevn\u00e9-300-x-300-871x1024.jpg 871w, https:\/\/www.bububee.cz\/wp-content\/uploads\/2018\/02\/Logo-\u010cSV-barevn\u00e9-300-x-300-676x794.jpg 676w, https:\/\/www.bububee.cz\/wp-content\/uploads\/2018\/02\/Logo-\u010cSV-barevn\u00e9-300-x-300.bmp 1314w\" sizes=\"(max-width: 105px) 100vw, 105px\" \/><\/h1>\n<h1 style=\"text-align: left;\"><strong class=\"left\">Z\u00e1kladn\u00ed organizace Nov\u00e9 Stra\u0161ec\u00ed&nbsp;<\/strong><\/h1>\n<p>&nbsp;<\/p>\n<p>Spolek v\u010dela\u0159\u016f pracuje v Nov\u00e9m Stra\u0161ec\u00ed ji\u017e 112 let.<br>Bohatou historii shrnuje <a href=\"http:\/\/www.bububee.cz\/index.php\/cinnost-spolku\/vyroci-110-let\/\" target=\"_blank\" rel=\"noopener noreferrer\">almanach<\/a>, kter\u00fd jsme ke sto des\u00e1t\u00e9mu vydali.&nbsp;<\/p>\n<p>V sou\u010dasn\u00e9 dob\u011b spolek sdru\u017euje 95 \u0159\u00e1dn\u00fdch \u010dlen\u016f, 15 mlad\u00fdch v\u010dela\u0159\u016f v krou\u017ec\u00edch a star\u00e1me se o v\u00edce ne\u017e 600 v\u010delstev.<\/p>\n<p>P\u016fsob\u00edme v katastrech obc\u00ed:&nbsp;<\/p>\n<ul>\n<li><a href=\"https:\/\/www.google.cz\/maps\/place\/270+54+Kozojedy\/@50.2421725,13.7640914,12.5z\/data=!4m5!3m4!1s0x470a36902bb22c07:0x400af0f661542b0!8m2!3d50.2552888!4d13.8155866\" target=\"_blank\" rel=\"noopener noreferrer\">Kozojedy<\/a>,<\/li>\n<li><a href=\"https:\/\/www.google.cz\/maps\/place\/270+54+Krou%C4%8Dov%C3%A1\/@50.2094732,13.7642105,14z\/data=!3m1!4b1!4m5!3m4!1s0x470a363920be3e6b:0x400af0f66154ad0!8m2!3d50.2067748!4d13.7839557\" target=\"_blank\" rel=\"noopener noreferrer\">Krou\u010dov\u00e1<\/a><\/li>\n<li><a href=\"https:\/\/www.google.cz\/maps\/place\/271+01+Nov%C3%A9+Stra%C5%A1ec%C3%AD\/@50.1512273,13.8676619,13z\/data=!3m1!4b1!4m5!3m4!1s0x470a4ac8e6af4c8b:0x28ce20abe3ad9f41!8m2!3d50.1527227!4d13.9004377\" target=\"_blank\" rel=\"noopener noreferrer\">Nov\u00e9 Stra\u0161ec\u00ed<\/a><\/li>\n<li><a href=\"https:\/\/www.google.cz\/maps\/place\/Pochvalov\/@50.2325836,13.7581914,13z\/data=!3m1!4b1!4m5!3m4!1s0x470a365c69979c51:0x4c6cd9385ed34585!8m2!3d50.2274423!4d13.7942707\" target=\"_blank\" rel=\"noopener noreferrer\">Pochvalov<\/a><\/li>\n<li><a href=\"https:\/\/www.google.cz\/maps\/place\/271+01+Ruda\/@50.1201375,13.7848456,12z\/data=!3m1!4b1!4m5!3m4!1s0x470a4adfd62b3661:0x67627d4dcdbd47d8!8m2!3d50.1407897!4d13.8757007\" target=\"_blank\" rel=\"noopener noreferrer\">Ruda u Nov\u00e9ho Stra\u0161ec\u00ed<\/a><\/li>\n<li><a href=\"https:\/\/www.google.cz\/maps\/place\/270+54+%C5%98evni%C4%8Dov\/@50.171623,13.7518341,12z\/data=!3m1!4b1!4m5!3m4!1s0x470a49feed9b5c13:0xf63a322444f3e00!8m2!3d50.1848923!4d13.8082444\" target=\"_blank\" rel=\"noopener noreferrer\">\u0158evni\u010dov<\/a><\/li>\n<li><a href=\"https:\/\/www.google.cz\/maps\/place\/Smilovice\/@50.2457929,13.7866411,14z\/data=!3m1!4b1!4m5!3m4!1s0x470a36ec182a722d:0x400af0f6615df40!8m2!3d50.2469465!4d13.8077075\" target=\"_blank\" rel=\"noopener noreferrer\">Smilovice<\/a><\/li>\n<li><a href=\"https:\/\/www.google.cz\/maps\/place\/T%C5%99eboc\/@50.2189498,13.7305793,13z\/data=!3m1!4b1!4m5!3m4!1s0x470a37b4bad60f21:0x400af0f66160120!8m2!3d50.2143169!4d13.7527385\" target=\"_blank\" rel=\"noopener noreferrer\">T\u0159eboc<\/a><\/li>\n<li><a href=\"https:\/\/www.google.cz\/maps\/place\/271+01+T%C5%99tice\/@50.1890759,13.8229078,13z\/data=!3m1!4b1!4m5!3m4!1s0x470a3581b2919ec9:0x4ae36cc9c039baa7!8m2!3d50.185005!4d13.8634908\">T\u0159tice u Nov\u00e9ho Stra\u0161ec\u00ed<\/a><\/li>\n<\/ul>\n<h3>\u010cinnost spolku<\/h3>\n<p>Z\u00e1jmy jednotliv\u00fdch v\u010dela\u0159\u016f jsou r\u016fznorod\u00e9 podle po\u010dtu v\u010delstev a jejich um\u00edst\u011bn\u00ed.<br>Av\u0161ak v\u0161echny sjednocuje z\u00e1kladn\u00ed \u010dinnost spolku, kterou je zejm\u00e9na p\u00e9\u010de o zdrav\u00ed v\u010del a jejich ochrana p\u0159ed ne\u0161\u0165astn\u00fdmi z\u00e1sahy z okol\u00ed do jejich \u017eivota.<br>Krom\u011b t\u011bchto aktivit se sna\u017e\u00edme roz\u0161\u00ed\u0159it pov\u011bdom\u00ed o chovu v\u010del na akc\u00edch m\u011bsta a po\u0159\u00e1d\u00e1n\u00edm besed pro mlad\u00e9 v\u010dela\u0159e.<br>Nechyb\u00ed ji\u017e tradi\u010dn\u00ed prodej medu na posv\u00edcen\u00ed a jin\u00fdch akc\u00edch m\u011bsta.<\/p>\n<p>V z\u00e1v\u011bru roku se letos op\u011bt i s \u010dleny rodin a zn\u00e1m\u00fdm sejdeme p\u0159i hudb\u011b, dobr\u00e9m j\u00eddle a mohu k posezen\u00ed na &#8222;<a href=\"http:\/\/www.bububee.cz\/index.php\/2017\/11\/12\/domedna-je-za-nami\/\" target=\"_blank\" rel=\"noopener noreferrer\">Domedn\u00e9<\/a>&#8222;.&nbsp;<\/p>\n<p>Bli\u017e\u0161\u00ed informace o akc\u00edch a pr\u00e1ci spolku m\u016f\u017eete z\u00edskat na str\u00e1nce&nbsp;<a href=\"http:\/\/www.bububee.cz\/index.php\/aktuality\/\">Aktuality<\/a>&nbsp;<\/p>\n<p>Z\u00e1pisy ze sch\u016fz\u00ed v\u00fdboru a v\u00fdro\u010dn\u00edch \u010dlensk\u00fdch sch\u016fz\u00ed jsou \u010dlen\u016fm dostup n= v priv\u00e1tn\u00ed \u010d\u00e1sti&nbsp;<a href=\"http:\/\/www.bububee.cz\/index.php\/cinnost-spolku\/\">\u010cinnost spolku<\/a>.<\/p>\n<p>M\u00e1te-li z\u00e1jem o dal\u0161\u00ed informace p\u0159e\u010dt\u011bte si <a href=\"http:\/\/www.bububee.cz\/index.php\/cinnost-spolku\/368-2\/\" target=\"_blank\" rel=\"noopener noreferrer\">tro\u0161ku z na\u0161\u00ed historie<\/a>, vyu\u017eijte&nbsp; &nbsp;<a href=\"http:\/\/www.bububee.cz\/index.php\/kontakty\/\" target=\"_blank\" rel=\"noopener noreferrer\">kontakty na \u010dleny v\u00fdboru<\/a>&nbsp;a nebo si prost\u011b p\u0159ij\u010fte popov\u00eddat prvn\u00ed \u00fater\u00fd v m\u011bs\u00edci v 18 hod. do restaurace <a href=\"https:\/\/www.google.cz\/maps\/place\/Restaurace+Sport\/@50.1528416,13.8997576,17z\/data=!3m1!4b1!4m5!3m4!1s0x470a4acbce7ac3ff:0xd799a95c5f96a7!8m2!3d50.1528416!4d13.9019516\" target=\"_blank\" rel=\"noopener noreferrer\">Sport<\/a>, kde se tradi\u010dn\u011b cel\u00e9 roky \u010dlenov\u00e9 sch\u00e1z\u00ed.&nbsp;<\/p>\n<p><span style=\"color: #444444; font-size: 1.5em; font-weight: bold;\">Krou\u017eek mlad\u00fdch v\u010dela\u0159\u016f<\/span><\/p>\n<p>Od z\u00e1\u0159\u00ed 2017 zah\u00e1jil \u010dinnost <a href=\"http:\/\/www.bububee.cz\/index.php\/vcelarsky-krouzek\/\">krou\u017eek mlad\u00fdch v\u010dela\u0159\u016f<\/a>, kter\u00fd se pro velk\u00fd z\u00e1jem v roce 2018 rozd\u011blil na dva.<\/p>\n<p>Mlad\u00ed v\u010dela\u0159\u00edci se sch\u00e1zej\u00ed ka\u017ed\u00e9 \u00fater\u00fd od 16 hodin na <a href=\"https:\/\/www.google.cz\/maps\/place\/Fortna+117,+271+01+Nov%C3%A9+Stra%C5%A1ec%C3%AD\/@50.1536084,13.9002111,17z\/data=!3m1!4b1!4m5!3m4!1s0x470a4aca31965dd5:0xbd01d8dc7d7139a2!8m2!3d50.1536084!4d13.9024051\" target=\"_blank\" rel=\"noopener noreferrer\">Fortn\u011b<\/a>, kde maj\u00ed svou klubovnu.<br>Krom\u011b p\u00e9\u010de o v\u010dely se dozv\u00eddaj\u00ed mnoho o divok\u00e9 p\u0159\u00edrod\u011b, ale i o hospod\u00e1\u0159sk\u00e9 krajin\u011b.<\/p>\n<p>Dobrou vizitkou pro krou\u017ek\u016f je, \u017ee letos si ji\u017e prvn\u00ed v\u010dela\u0159\u00edci po\u0159izuj\u00ed sv\u00e1 vlastn\u00ed v\u010delstva.&nbsp;<\/p>\n<p>\u010cinnost spolku je podporov\u00e1na nejen ostatn\u00edmi \u010dleny spolku, ale zejm\u00e9na M\u011bstem Nov\u00e9 Stra\u0161ec\u00ed, ostatn\u00edmi obcemi, v jejich\u017e katastrech p\u016fsob\u00edme&nbsp; a letos i n\u011bkter\u00fdmi p\u0159\u00edznivci z \u0159ad podnikatel\u016f.<\/p>\n<p>Na\u0161\u00ed \u010dinnost m\u016f\u017eete sledovat v z\u00e1lo\u017ece <a href=\"https:\/\/www.bububee.cz\/index.php\/skolni-rok-2019-2020\/\" target=\"_blank\" rel=\"noopener noreferrer\">v\u010dela\u0159sk\u00fd krou\u017eek<\/a>, na <a href=\"https:\/\/www.facebook.com\/V%C4%8Dela%C5%99sk%C3%BD-krou%C5%BEek-ml%C3%A1de%C5%BEe-Nov%C3%A9-Stra%C5%A1ec%C3%AD-102136401523869\/?modal=admin_todo_tour\" target=\"_blank\" rel=\"noopener noreferrer\">FB str\u00e1nce<\/a> krou\u017eku a na fotografi\u00edch ulo\u017een\u00fdch na raj\u010deti: <a href=\"https:\/\/vcelarskykrouzekns.rajce.idnes.cz\/\" target=\"_blank\" rel=\"noopener noreferrer\">ZDE<\/a><\/p>\n<p>&nbsp;<\/p>\n\n\n<p><\/p>\n","protected":false},"excerpt":{"rendered":"<p>Z\u00e1kladn\u00ed organizace Nov\u00e9 Stra\u0161ec\u00ed&nbsp; &nbsp; Spolek v\u010dela\u0159\u016f pracuje v Nov\u00e9m Stra\u0161ec\u00ed ji\u017e 112 let.Bohatou historii shrnuje almanach, kter\u00fd jsme ke sto des\u00e1t\u00e9mu vydali.&nbsp; V sou\u010dasn\u00e9 dob\u011b spolek sdru\u017euje 95 \u0159\u00e1dn\u00fdch \u010dlen\u016f, 15 mlad\u00fdch v\u010dela\u0159\u016f v krou\u017ec\u00edch a star\u00e1me se o v\u00edce ne\u017e 600 v\u010delstev. P\u016fsob\u00edme v katastrech obc\u00ed:&nbsp; Kozojedy, Krou\u010dov\u00e1 Nov\u00e9 Stra\u0161ec\u00ed Pochvalov Ruda u [&hellip;]<\/p>\n","protected":false},"author":1,"featured_media":0,"parent":0,"menu_order":0,"comment_status":"closed","ping_status":"closed","template":"","meta":{"ngg_post_thumbnail":0,"footnotes":""},"_links":{"self":[{"href":"https:\/\/www.bububee.cz\/index.php\/wp-json\/wp\/v2\/pages\/40"}],"collection":[{"href":"https:\/\/www.bububee.cz\/index.php\/wp-json\/wp\/v2\/pages"}],"about":[{"href":"https:\/\/www.bububee.cz\/index.php\/wp-json\/wp\/v2\/types\/page"}],"author":[{"embeddable":true,"href":"https:\/\/www.bububee.cz\/index.php\/wp-json\/wp\/v2\/users\/1"}],"replies":[{"embeddable":true,"href":"https:\/\/www.bububee.cz\/index.php\/wp-json\/wp\/v2\/comments?post=40"}],"version-history":[{"count":20,"href":"https:\/\/www.bububee.cz\/index.php\/wp-json\/wp\/v2\/pages\/40\/revisions"}],"predecessor-version":[{"id":1635,"href":"https:\/\/www.bububee.cz\/index.php\/wp-json\/wp\/v2\/pages\/40\/revisions\/1635"}],"wp:attachment":[{"href":"https:\/\/www.bububee.cz\/index.php\/wp-json\/wp\/v2\/media?parent=40"}],"curies":[{"name":"wp","href":"https:\/\/api.w.org\/{rel}","templated":true}]}}