{"id":267,"date":"2017-06-04T16:06:20","date_gmt":"2017-06-04T15:06:20","guid":{"rendered":"http:\/\/www.bububee.cz\/?page_id=267"},"modified":"2021-01-04T10:05:47","modified_gmt":"2021-01-04T09:05:47","slug":"zajimave-odkazy","status":"publish","type":"page","link":"https:\/\/www.bububee.cz\/index.php\/kontakty\/zajimave-odkazy\/","title":{"rendered":"Zaj\u00edmav\u00e9 odkazy"},"content":{"rendered":"<h3>\u010cesk\u00fd svaz v\u010dela\u0159\u016f<\/h3>\n<p><a href=\"http:\/\/www.vcelarstvi.cz\/\" target=\"_blank\" rel=\"noopener noreferrer\">http:\/\/www.vcelarstvi.cz\/<\/a><\/p>\n<h3>Odborn\u00e1 pracovi\u0161t\u011b<\/h3>\n<p>SOUV \u2013 VVC, o.p.s. Nasavrky \u2013 web&nbsp;<strong><a href=\"http:\/\/www.souvnasavrky.cz\/\">www.souvnasavrky.cz<\/a><\/strong>,<\/p>\n<p>V\u00fdzkumn\u00fd \u00fastav v\u010dela\u0159sk\u00fd \u2013 web&nbsp;<strong><a href=\"http:\/\/www.beedol.cz\/\">www.beedol.cz<\/a><\/strong>.<\/p>\n<p>\u010ceskomoravsk\u00e1 spole\u010dnost chovatel\u016f &#8211; web&nbsp;&nbsp;<a href=\"https:\/\/www.cmsch.cz\/\" target=\"_blank\" rel=\"noopener noreferrer\">www.cmsch.cz<\/a><\/p>\n<ul>\n<li><a href=\"https:\/\/www.cmsch.cz\/evidence-a-oznacovani-zvirat\/vcely\/\">Evidence a ozna\u010dov\u00e1n\u00ed zv\u00ed\u0159at (v\u010dely)<\/a><\/li>\n<li><a href=\"https:\/\/www.cmsch.cz\/getattachment\/Tiskopisy,-dokumenty\/Ustredni-evidence-vcely\/Tiskopis-Hlaseni-o-poctu-vcelstev-a-umisteni-sta\/Hlaseni_poctu_vcelstev.pdf.aspx?lang=cs-CZ\" target=\"_blank\" rel=\"noopener noreferrer\">Hl\u00e1\u0161en\u00ed po\u010dtu v\u010delstev a um\u00edst\u011bn\u00ed stanovi\u0161\u0165<\/a><\/li>\n<li><a href=\"https:\/\/www.cmsch.cz\/getattachment\/92e19198-eb5c-406c-bd6d-2a0079b7b753\/Hlaseni_umisteni_stanovist.pdf.aspx?lang=cs-CZ\">Hl\u00e1\u0161en\u00ed um\u00edst\u011bn\u00ed stanovi\u0161\u0165 ke dni<\/a><\/li>\n<\/ul>\n<h3>Za\u010d\u00ednaj\u00edc\u00ed v\u010dela\u0159i<\/h3>\n<p>Publikace &nbsp;&nbsp;<a href=\"http:\/\/www.vcelarstvi.cz\/files\/pdf\/jak_zacit_vcelarit.pdf\" target=\"_blank\" rel=\"noopener noreferrer\">Jak za\u010d\u00edt v\u010dela\u0159it<\/a> (P\u0159\u00edloha m\u011bs\u00ed\u010dn\u00edku V\u010cELA\u0158STV\u00cd \u010d. 10\/2011 )<\/p>\n<p><a href=\"http:\/\/www.vcelarstvi.cz\/files\/formulare_2016\/clenska-prihlaska-14-02-24-01.pdf\" target=\"_blank\" rel=\"noopener noreferrer\">P\u0159ihl\u00e1\u0161ka za \u010dlena \u010cesk\u00e9ho svazu v\u010dela\u0159\u016f<\/a><\/p>\n<h3>Pojmy a dojmy<\/h3>\n<p>Co je to&nbsp;<a href=\"https:\/\/cs.wikipedia.org\/wiki\/Apiterapie\">apiterapie<\/a>?<\/p>\n<h3>&nbsp;<\/h3>\n","protected":false},"excerpt":{"rendered":"<p>\u010cesk\u00fd svaz v\u010dela\u0159\u016f http:\/\/www.vcelarstvi.cz\/ Odborn\u00e1 pracovi\u0161t\u011b SOUV \u2013 VVC, o.p.s. Nasavrky \u2013 web&nbsp;www.souvnasavrky.cz, V\u00fdzkumn\u00fd \u00fastav v\u010dela\u0159sk\u00fd \u2013 web&nbsp;www.beedol.cz. \u010ceskomoravsk\u00e1 spole\u010dnost chovatel\u016f &#8211; web&nbsp;&nbsp;www.cmsch.cz Evidence a ozna\u010dov\u00e1n\u00ed zv\u00ed\u0159at (v\u010dely) Hl\u00e1\u0161en\u00ed po\u010dtu v\u010delstev a um\u00edst\u011bn\u00ed stanovi\u0161\u0165 Hl\u00e1\u0161en\u00ed um\u00edst\u011bn\u00ed stanovi\u0161\u0165 ke dni Za\u010d\u00ednaj\u00edc\u00ed v\u010dela\u0159i Publikace &nbsp;&nbsp;Jak za\u010d\u00edt v\u010dela\u0159it (P\u0159\u00edloha m\u011bs\u00ed\u010dn\u00edku V\u010cELA\u0158STV\u00cd \u010d. 10\/2011 ) P\u0159ihl\u00e1\u0161ka za \u010dlena \u010cesk\u00e9ho [&hellip;]<\/p>\n","protected":false},"author":1,"featured_media":0,"parent":8,"menu_order":0,"comment_status":"closed","ping_status":"closed","template":"","meta":{"ngg_post_thumbnail":0,"footnotes":""},"_links":{"self":[{"href":"https:\/\/www.bububee.cz\/index.php\/wp-json\/wp\/v2\/pages\/267"}],"collection":[{"href":"https:\/\/www.bububee.cz\/index.php\/wp-json\/wp\/v2\/pages"}],"about":[{"href":"https:\/\/www.bububee.cz\/index.php\/wp-json\/wp\/v2\/types\/page"}],"author":[{"embeddable":true,"href":"https:\/\/www.bububee.cz\/index.php\/wp-json\/wp\/v2\/users\/1"}],"replies":[{"embeddable":true,"href":"https:\/\/www.bububee.cz\/index.php\/wp-json\/wp\/v2\/comments?post=267"}],"version-history":[{"count":11,"href":"https:\/\/www.bububee.cz\/index.php\/wp-json\/wp\/v2\/pages\/267\/revisions"}],"predecessor-version":[{"id":1780,"href":"https:\/\/www.bububee.cz\/index.php\/wp-json\/wp\/v2\/pages\/267\/revisions\/1780"}],"up":[{"embeddable":true,"href":"https:\/\/www.bububee.cz\/index.php\/wp-json\/wp\/v2\/pages\/8"}],"wp:attachment":[{"href":"https:\/\/www.bububee.cz\/index.php\/wp-json\/wp\/v2\/media?parent=267"}],"curies":[{"name":"wp","href":"https:\/\/api.w.org\/{rel}","templated":true}]}}