{"id":257,"date":"2017-05-31T23:13:55","date_gmt":"2017-05-31T22:13:55","guid":{"rendered":"http:\/\/www.bububee.cz\/?page_id=257"},"modified":"2018-01-07T23:48:11","modified_gmt":"2018-01-07T22:48:11","slug":"zapis-ze-schuze-4-4-2017","status":"publish","type":"page","link":"https:\/\/www.bububee.cz\/index.php\/cinnost-spolku\/zpravy-ze-schuzi-vyboru\/zapisy-ze-chuzi-vyboru-v-roce-2017\/zapis-ze-schuze-4-4-2017\/","title":{"rendered":"Z\u00e1pis ze sch\u016fze v\u00fdboru 4. 4. 2017"},"content":{"rendered":"You must be logged in to view this content.","protected":false},"excerpt":{"rendered":"You must be logged in to view this content.","protected":false},"author":1,"featured_media":0,"parent":698,"menu_order":0,"comment_status":"closed","ping_status":"closed","template":"","meta":{"ngg_post_thumbnail":0,"footnotes":""},"_links":{"self":[{"href":"https:\/\/www.bububee.cz\/index.php\/wp-json\/wp\/v2\/pages\/257"}],"collection":[{"href":"https:\/\/www.bububee.cz\/index.php\/wp-json\/wp\/v2\/pages"}],"about":[{"href":"https:\/\/www.bububee.cz\/index.php\/wp-json\/wp\/v2\/types\/page"}],"author":[{"embeddable":true,"href":"https:\/\/www.bububee.cz\/index.php\/wp-json\/wp\/v2\/users\/1"}],"replies":[{"embeddable":true,"href":"https:\/\/www.bububee.cz\/index.php\/wp-json\/wp\/v2\/comments?post=257"}],"version-history":[{"count":2,"href":"https:\/\/www.bububee.cz\/index.php\/wp-json\/wp\/v2\/pages\/257\/revisions"}],"predecessor-version":[{"id":385,"href":"https:\/\/www.bububee.cz\/index.php\/wp-json\/wp\/v2\/pages\/257\/revisions\/385"}],"up":[{"embeddable":true,"href":"https:\/\/www.bububee.cz\/index.php\/wp-json\/wp\/v2\/pages\/698"}],"wp:attachment":[{"href":"https:\/\/www.bububee.cz\/index.php\/wp-json\/wp\/v2\/media?parent=257"}],"curies":[{"name":"wp","href":"https:\/\/api.w.org\/{rel}","templated":true}]}}