{"id":1549,"date":"2020-08-17T13:21:46","date_gmt":"2020-08-17T12:21:46","guid":{"rendered":"http:\/\/www.bububee.cz\/?page_id=1549"},"modified":"2020-08-17T13:24:19","modified_gmt":"2020-08-17T12:24:19","slug":"hlaseni-cmsch","status":"publish","type":"page","link":"https:\/\/www.bububee.cz\/index.php\/hlaseni-cmsch\/","title":{"rendered":"Hl\u00e1\u0161en\u00ed \u010cMSCH"},"content":{"rendered":"\n<p><strong>Informace o povinn\u00e9m hl\u00e1\u0161en\u00ed po\u010dtu v\u010delstev jednotliv\u00fdmi v\u010dela\u0159i do \u010cMSCH v&nbsp;roce 2020.<\/strong><\/p>\n\n\n\n<ul><li>hl\u00e1\u0161en\u00ed o stavu v\u010delstev k&nbsp;1.9.2020 na \u010cMSCH \u2013 hl\u00e1\u0161en\u00ed po\u010dtu v\u010delstev na \u010cMSCH je <strong>povinn\u00e9 pro v\u0161echny v\u010dela\u0159e a<\/strong> <strong>ka\u017ed\u00fd v\u010dela\u0159 si hl\u00e1\u0161en\u00ed zas\u00edl\u00e1 na \u010cMSCH s\u00e1m. <\/strong>T\u00edmto zp\u016fsobem to fungovalo ji\u017e minul\u00fd rok. D\u016fvodem je, \u017ee v&nbsp;sou\u010dasn\u00e9 dob\u011b lze hl\u00e1\u0161en\u00ed na \u010cMSCH poslat n\u011bkolika zp\u016fsoby \u2013 p\u0159es web formul\u00e1\u0159, nebo p\u0159es port\u00e1l farm\u00e1\u0159e, nebo \u201eru\u010dn\u00edm\u201c vypln\u011bn\u00edm zaslan\u00e9ho formul\u00e1\u0159e. Bli\u017e\u0161\u00ed o jednotliv\u00fdch zp\u016fsobech odesl\u00e1n\u00ed hl\u00e1\u0161en\u00ed je v&nbsp;p\u0159ilo\u017een\u00e9m dopise od \u010cMSCH<\/li><li>hl\u00e1\u0161en\u00ed mus\u00ed ka\u017ed\u00fd v\u010dela\u0159 <strong>poslat na \u010cMSCH do 15.9.,<\/strong> ale nejd\u0159\u00edve po 1.9.2020.<\/li><li>pokud v\u010dela\u0159i budou pos\u00edlat \u201eru\u010dn\u011b\u201c vypln\u011bn\u00fd formul\u00e1\u0159, je mo\u017en\u00e9 ho do 14.9. vhodit do schr\u00e1nky na\u0161eho spolku na Fortn\u011b a tyto formul\u00e1\u0159e budou potom odesl\u00e1ny hromadn\u011b za cel\u00fd spolek. Bylo by vhodn\u00e9 vlo\u017eit&nbsp; formul\u00e1\u0159 p\u0159ed vhozen\u00edm do na\u0161\u00ed schr\u00e1nky do ob\u00e1lky, proto\u017ee v&nbsp;na\u0161em st\u0159edisku prob\u00edh\u00e1 stavba a samotn\u00fd formul\u00e1\u0159 by se mohl ztratit. Vypln\u011bn\u00ed p\u0159es web formul\u00e1\u0159 V\u00e1m zabere ale mnohem m\u00e9n\u011b \u010dasu.<\/li><li>op\u011bt plat\u00ed tot\u00e9\u017e, jako u \u017e\u00e1dosti o dotaci 1.D \u2013 vypl\u0148uj\u00ed se po\u010dty v\u010delstev, kter\u00e9 obsedaj\u00ed alespo\u0148 7 r\u00e1mk\u016f, tzn. \u017ee po\u010det v\u010delstev na tomto hl\u00e1\u0161en\u00ed pro \u010cMSCH a po\u010det v\u010delstev na \u017e\u00e1dosti o dotaci 1.D mus\u00ed souhlasit.<\/li><li>v\u00fdbor pros\u00ed d\u016fv\u011brn\u00edky, aby s&nbsp;t\u00edmto hl\u00e1\u0161en\u00edm pomohli t\u011bm v\u010dela\u0159\u016fm, kte\u0159\u00ed nejsou zru\u010dn\u00ed s&nbsp;ovl\u00e1d\u00e1n\u00edm internetu, d\u011bkujeme.<\/li><\/ul>\n\n\n\n<p>Sou\u010dasn\u011b d\u016fv\u011brn\u00edci hl\u00e1s\u00ed po\u010dty v\u010delstev k&nbsp;1.9. tak\u00e9 zdravotn\u00edkovi (pokyny pro tuto akci jdou po linii zdravotn\u00edka). P\u0159ipom\u00edn\u00e1me, \u017ee zdravotn\u00edkovi se hl\u00e1s\u00ed celkov\u00e9 po\u010dty v\u010delstev, tj. i odd\u011blky, roje a jin\u00e1 slab\u0161\u00ed v\u010delstva, kter\u00e1 nemaj\u00ed n\u00e1rok na dotaci 1.D (neobsedaj\u00ed 7 r\u00e1mk\u016f). D\u00e1le p\u0159ipom\u00edn\u00e1me, \u017ee na sch\u016fzi v\u00fdboru dne 1.9. se bude organizov\u00e1n v\u00fddej l\u00e9\u010diva pro d\u016fv\u011brn\u00edky pro podzimn\u00ed l\u00e9\u010den\u00ed.<\/p>\n\n\n\n<div class=\"wp-block-file\"><a href=\"https:\/\/www.bububee.cz\/wp-content\/uploads\/2020\/08\/hlaseni_poctu_vcelstev.pdf\" target=\"_blank\" rel=\"noreferrer noopener\">hlaseni_poctu_vcelstev<\/a><a href=\"https:\/\/www.bububee.cz\/wp-content\/uploads\/2020\/08\/hlaseni_poctu_vcelstev.pdf\" class=\"wp-block-file__button\" download>St\u00e1hnout<\/a><\/div>\n\n\n\n<div class=\"wp-block-file\"><a href=\"https:\/\/www.bububee.cz\/wp-content\/uploads\/2020\/08\/informace-z-cmsch-2020.pdf\" target=\"_blank\" rel=\"noreferrer noopener\">informace-z-cmsch-2020<\/a><a href=\"https:\/\/www.bububee.cz\/wp-content\/uploads\/2020\/08\/informace-z-cmsch-2020.pdf\" class=\"wp-block-file__button\" download>St\u00e1hnout<\/a><\/div>\n\n\n\n<div class=\"wp-block-file\"><a href=\"https:\/\/www.bububee.cz\/wp-content\/uploads\/2020\/08\/informacni-sluzba-cmsch.pdf\" target=\"_blank\" rel=\"noreferrer noopener\">informacni-sluzba-cmsch<\/a><a href=\"https:\/\/www.bububee.cz\/wp-content\/uploads\/2020\/08\/informacni-sluzba-cmsch.pdf\" class=\"wp-block-file__button\" download>St\u00e1hnout<\/a><\/div>\n\n\n\n<div class=\"wp-block-file\"><a href=\"https:\/\/www.bububee.cz\/wp-content\/uploads\/2020\/08\/manual_web_formular.pdf\" target=\"_blank\" rel=\"noreferrer noopener\">manual_web_formular<\/a><a href=\"https:\/\/www.bububee.cz\/wp-content\/uploads\/2020\/08\/manual_web_formular.pdf\" class=\"wp-block-file__button\" download>St\u00e1hnout<\/a><\/div>\n\n\n\n<p>JH<\/p>\n","protected":false},"excerpt":{"rendered":"<p>Informace o povinn\u00e9m hl\u00e1\u0161en\u00ed po\u010dtu v\u010delstev jednotliv\u00fdmi v\u010dela\u0159i do \u010cMSCH v&nbsp;roce 2020. hl\u00e1\u0161en\u00ed o stavu v\u010delstev k&nbsp;1.9.2020 na \u010cMSCH \u2013 hl\u00e1\u0161en\u00ed po\u010dtu v\u010delstev na \u010cMSCH je povinn\u00e9 pro v\u0161echny v\u010dela\u0159e a ka\u017ed\u00fd v\u010dela\u0159 si hl\u00e1\u0161en\u00ed zas\u00edl\u00e1 na \u010cMSCH s\u00e1m. T\u00edmto zp\u016fsobem to fungovalo ji\u017e minul\u00fd rok. D\u016fvodem je, \u017ee v&nbsp;sou\u010dasn\u00e9 dob\u011b lze hl\u00e1\u0161en\u00ed na \u010cMSCH [&hellip;]<\/p>\n","protected":false},"author":81,"featured_media":0,"parent":0,"menu_order":0,"comment_status":"closed","ping_status":"closed","template":"","meta":{"ngg_post_thumbnail":0,"footnotes":""},"_links":{"self":[{"href":"https:\/\/www.bububee.cz\/index.php\/wp-json\/wp\/v2\/pages\/1549"}],"collection":[{"href":"https:\/\/www.bububee.cz\/index.php\/wp-json\/wp\/v2\/pages"}],"about":[{"href":"https:\/\/www.bububee.cz\/index.php\/wp-json\/wp\/v2\/types\/page"}],"author":[{"embeddable":true,"href":"https:\/\/www.bububee.cz\/index.php\/wp-json\/wp\/v2\/users\/81"}],"replies":[{"embeddable":true,"href":"https:\/\/www.bububee.cz\/index.php\/wp-json\/wp\/v2\/comments?post=1549"}],"version-history":[{"count":3,"href":"https:\/\/www.bububee.cz\/index.php\/wp-json\/wp\/v2\/pages\/1549\/revisions"}],"predecessor-version":[{"id":1559,"href":"https:\/\/www.bububee.cz\/index.php\/wp-json\/wp\/v2\/pages\/1549\/revisions\/1559"}],"wp:attachment":[{"href":"https:\/\/www.bububee.cz\/index.php\/wp-json\/wp\/v2\/media?parent=1549"}],"curies":[{"name":"wp","href":"https:\/\/api.w.org\/{rel}","templated":true}]}}